{"id":1853,"date":"2025-07-02T21:00:05","date_gmt":"2025-07-02T19:00:05","guid":{"rendered":"https:\/\/zentrale.pl\/?page_id=1853"},"modified":"2025-08-17T16:48:15","modified_gmt":"2025-08-17T14:48:15","slug":"%d0%bf%d0%bb%d0%b0%d1%82%d1%84%d0%be%d1%80%d0%bc%d0%b8%d0%b7%d0%b8%d1%80%d1%83%d1%8f-%d0%bf%d0%be%d0%bb%d1%8c%d1%88%d1%83","status":"publish","type":"page","link":"https:\/\/zentrale.pl\/ru\/%d0%bf%d0%bb%d0%b0%d1%82%d1%84%d0%be%d1%80%d0%bc%d0%b8%d0%b7%d0%b8%d1%80%d1%83%d1%8f-%d0%bf%d0%be%d0%bb%d1%8c%d1%88%d1%83\/","title":{"rendered":"\u041f\u041b\u0410\u0422\u0424\u041e\u0420\u041c\u0418\u0417\u0418\u0420\u0423\u042f \u041f\u041e\u041b\u042c\u0428\u0423","raw":"\u041f\u041b\u0410\u0422\u0424\u041e\u0420\u041c\u0418\u0417\u0418\u0420\u0423\u042f \u041f\u041e\u041b\u042c\u0428\u0423"},"content":{"rendered":"<p>\u041f\u043b\u0430\u0442\u0444\u043e\u0440\u043c\u0438\u0437\u0438\u0440\u0443\u044f \u041f\u043e\u043b\u044c\u0448\u0443:<br \/>\n\u041d\u043e\u0432\u044b\u0435 \u0424\u0440\u043e\u043d\u0442\u044b \u0411\u043e\u0440\u044c\u0431\u044b \u0412 \u0426\u0438\u0444\u0440\u043e\u0432\u043e\u0439 \u042d\u043a\u043e\u043d\u043e\u043c\u0438\u043a\u0435<\/p>\n<p>\u0410\u0432\u0442\u043e\u0440: \u0421\u0442\u0430\u043d\u0438\u0441\u043b\u0430\u0432 \u041a\u0435\u0440\u0432\u044f\u043a &#8211; \u0427\u043b\u0435\u043d \u041f\u0440\u0430\u0432\u043b\u0435\u043d\u0438\u044f \u0422\u0440\u0443\u0434\u043e\u0432\u043e\u0439 \u041a\u043e\u043d\u0444\u0435\u0434\u0435\u0440\u0430\u0446\u0438\u0438 \u041a\u0443\u0440\u044c\u0435\u0440\u043e\u0432 Pyszne.Pl<\/p>\n<p>\u0421\u041a\u0410\u0427\u0410\u0422\u042c <a href=\"https:\/\/zentrale.pl\/zentwp\/wp-content\/uploads\/2025\/07\/platformizujac_RUS.pdf\">PDF<\/a><\/p>\n","protected":false,"raw":"\u041f\u043b\u0430\u0442\u0444\u043e\u0440\u043c\u0438\u0437\u0438\u0440\u0443\u044f \u041f\u043e\u043b\u044c\u0448\u0443: \r\n\u041d\u043e\u0432\u044b\u0435 \u0424\u0440\u043e\u043d\u0442\u044b \u0411\u043e\u0440\u044c\u0431\u044b \u0412 \u0426\u0438\u0444\u0440\u043e\u0432\u043e\u0439 \u042d\u043a\u043e\u043d\u043e\u043c\u0438\u043a\u0435\r\n\r\n\u0410\u0432\u0442\u043e\u0440: \u0421\u0442\u0430\u043d\u0438\u0441\u043b\u0430\u0432 \u041a\u0435\u0440\u0432\u044f\u043a - \u0427\u043b\u0435\u043d \u041f\u0440\u0430\u0432\u043b\u0435\u043d\u0438\u044f \u0422\u0440\u0443\u0434\u043e\u0432\u043e\u0439 \u041a\u043e\u043d\u0444\u0435\u0434\u0435\u0440\u0430\u0446\u0438\u0438 \u041a\u0443\u0440\u044c\u0435\u0440\u043e\u0432 Pyszne.Pl\r\n\r\n\u0421\u041a\u0410\u0427\u0410\u0422\u042c <a href=\"https:\/\/zentrale.pl\/zentwp\/wp-content\/uploads\/2025\/07\/platformizujac_RUS.pdf\">PDF<\/a>"},"excerpt":{"rendered":"","protected":false,"raw":""},"author":1,"featured_media":1788,"parent":0,"menu_order":0,"comment_status":"closed","ping_status":"closed","template":"","meta":{"_pl_post_content":"Platformizuj\u0105c Polsk\u0119: Nowe Fronty Walki w Gospodarce Cyfrowej\r\nautor: Stanis\u0142aw Kierwiak - cz\u0142onek zarz\u0105du Konfederacji Pracy Kurier\u00f3w w Pyszne.pl\r\n\r\nPOBIERZ <a href=\"https:\/\/zentrale.pl\/zentwp\/wp-content\/uploads\/2025\/07\/platformizujac_PL-druk.pdf\">PDF<\/a>","_pl_post_name":"platformizujac-polske","_pl_post_excerpt":"","_pl_post_title":"PLATFORMIZUJ\u0104C POLSK\u0118","_en_post_content":"Platformization Of Poland: Emerging Battlefronts In The Digital Economy\r\n\r\nby Stanis\u0142aw Kierwiak - Member Of The Board Of Delivery Union Konfederacja Pracy At Pyszne.Pl\r\n\r\nDownload <a href=\"https:\/\/zentrale.pl\/zentwp\/wp-content\/uploads\/2025\/07\/platformizujac_ENG.pdf\">PDF<\/a>","_en_post_name":"platformization-of-poland","_en_post_excerpt":"","_en_post_title":"PLATFORMIZATION OF POLAND","_ru_post_content":"\u041f\u043b\u0430\u0442\u0444\u043e\u0440\u043c\u0438\u0437\u0438\u0440\u0443\u044f \u041f\u043e\u043b\u044c\u0448\u0443: \r\n\u041d\u043e\u0432\u044b\u0435 \u0424\u0440\u043e\u043d\u0442\u044b \u0411\u043e\u0440\u044c\u0431\u044b \u0412 \u0426\u0438\u0444\u0440\u043e\u0432\u043e\u0439 \u042d\u043a\u043e\u043d\u043e\u043c\u0438\u043a\u0435\r\n\r\n\u0410\u0432\u0442\u043e\u0440: \u0421\u0442\u0430\u043d\u0438\u0441\u043b\u0430\u0432 \u041a\u0435\u0440\u0432\u044f\u043a - \u0427\u043b\u0435\u043d \u041f\u0440\u0430\u0432\u043b\u0435\u043d\u0438\u044f \u0422\u0440\u0443\u0434\u043e\u0432\u043e\u0439 \u041a\u043e\u043d\u0444\u0435\u0434\u0435\u0440\u0430\u0446\u0438\u0438 \u041a\u0443\u0440\u044c\u0435\u0440\u043e\u0432 Pyszne.Pl\r\n\r\n\u0421\u041a\u0410\u0427\u0410\u0422\u042c <a href=\"https:\/\/zentrale.pl\/zentwp\/wp-content\/uploads\/2025\/07\/platformizujac_RUS.pdf\">PDF<\/a>","_ru_post_name":"%d0%bf%d0%bb%d0%b0%d1%82%d1%84%d0%be%d1%80%d0%bc%d0%b8%d0%b7%d0%b8%d1%80%d1%83%d1%8f-%d0%bf%d0%be%d0%bb%d1%8c%d1%88%d1%83","_ru_post_excerpt":"","_ru_post_title":"\u041f\u041b\u0410\u0422\u0424\u041e\u0420\u041c\u0418\u0417\u0418\u0420\u0423\u042f \u041f\u041e\u041b\u042c\u0428\u0423","edit_language":"ru","footnotes":""},"class_list":["post-1853","page","type-page","status-publish","has-post-thumbnail","hentry"],"_links":{"self":[{"href":"https:\/\/zentrale.pl\/ru\/wp-json\/wp\/v2\/pages\/1853","targetHints":{"allow":["GET"]}}],"collection":[{"href":"https:\/\/zentrale.pl\/ru\/wp-json\/wp\/v2\/pages"}],"about":[{"href":"https:\/\/zentrale.pl\/ru\/wp-json\/wp\/v2\/types\/page"}],"author":[{"embeddable":true,"href":"https:\/\/zentrale.pl\/ru\/wp-json\/wp\/v2\/users\/1"}],"replies":[{"embeddable":true,"href":"https:\/\/zentrale.pl\/ru\/wp-json\/wp\/v2\/comments?post=1853"}],"version-history":[{"count":6,"href":"https:\/\/zentrale.pl\/ru\/wp-json\/wp\/v2\/pages\/1853\/revisions"}],"predecessor-version":[{"id":2097,"href":"https:\/\/zentrale.pl\/ru\/wp-json\/wp\/v2\/pages\/1853\/revisions\/2097"}],"wp:featuredmedia":[{"embeddable":true,"href":"https:\/\/zentrale.pl\/ru\/wp-json\/wp\/v2\/media\/1788"}],"wp:attachment":[{"href":"https:\/\/zentrale.pl\/ru\/wp-json\/wp\/v2\/media?parent=1853"}],"curies":[{"name":"wp","href":"https:\/\/api.w.org\/{rel}","templated":true}]}}