{"id":2418,"date":"2025-11-27T15:00:11","date_gmt":"2025-11-27T14:00:11","guid":{"rendered":"https:\/\/zentrale.pl\/?page_id=2418"},"modified":"2025-12-11T13:49:47","modified_gmt":"2025-12-11T12:49:47","slug":"what-do-state-know-about-our-work","status":"publish","type":"page","link":"https:\/\/zentrale.pl\/en\/what-do-state-know-about-our-work\/","title":{"rendered":"WHAT DO STATE KNOW ABOUT OUR WORK?","raw":"WHAT DO STATE KNOW ABOUT OUR WORK?"},"content":{"rendered":"<p><strong>REPORT: WHAT DO STATE KNOW ABOUT OUR WORK?<br \/>\nPolish Public Administration Offices and Working for Supply Platforms<\/strong><\/p>\n<p>This report examines what the Polish public administration knows about the working conditions of Suppliers working for Supply Platforms. And if so, is it taking any action?<\/p>\n<p>The document consists of two parts. The first is analytical in nature and contains the results of our research. The second part presents interviews with individuals working as Suppliers, showing what this work is like through their eyes.<\/p>\n<p>Polish version: <a href=\"https:\/\/zentrale.pl\/zentwp\/wp-content\/uploads\/2025\/11\/raport_podsumowanie.pdf\">SUMMARY<\/a> &#8211; <a href=\"https:\/\/zentrale.pl\/zentwp\/wp-content\/uploads\/2025\/11\/raport_web.pdf\">FULL REPORT<\/a><br \/>\nEnglish version: <a href=\"https:\/\/zentrale.pl\/zentwp\/wp-content\/uploads\/2025\/11\/report_sum_eng.pdf\">SUMMARY<\/a> &#8211; FULL REPORT COMING SOON<br \/>\nRussian version: <a href=\"https:\/\/zentrale.pl\/zentwp\/wp-content\/uploads\/2025\/11\/report_sum_rus.pdf\">SUMMARY<\/a> &#8211; FULL REPORT COMING SOON<\/p>\n","protected":false,"raw":"<strong>REPORT: WHAT DO STATE KNOW ABOUT OUR WORK?\r\nPolish Public Administration Offices and Working for Supply Platforms<\/strong>\r\n\r\nThis report examines what the Polish public administration knows about the working conditions of Suppliers working for Supply Platforms. And if so, is it taking any action?\r\n\r\nThe document consists of two parts. The first is analytical in nature and contains the results of our research. The second part presents interviews with individuals working as Suppliers, showing what this work is like through their eyes.\r\n\r\nPolish version: <a href=\"https:\/\/zentrale.pl\/zentwp\/wp-content\/uploads\/2025\/11\/raport_podsumowanie.pdf\">SUMMARY<\/a> - <a href=\"https:\/\/zentrale.pl\/zentwp\/wp-content\/uploads\/2025\/11\/raport_web.pdf\">FULL REPORT<\/a>\r\nEnglish version: <a href=\"https:\/\/zentrale.pl\/zentwp\/wp-content\/uploads\/2025\/11\/report_sum_eng.pdf\">SUMMARY<\/a> - FULL REPORT COMING SOON\r\nRussian version: <a href=\"https:\/\/zentrale.pl\/zentwp\/wp-content\/uploads\/2025\/11\/report_sum_rus.pdf\">SUMMARY<\/a> - FULL REPORT COMING SOON"},"excerpt":{"rendered":"","protected":false,"raw":""},"author":1,"featured_media":2419,"parent":0,"menu_order":0,"comment_status":"closed","ping_status":"closed","template":"","meta":{"_pl_post_content":"<strong>RAPORT: CO PA\u0143STWO WIE O NASZEJ PRACY?\r\nUrz\u0119dy administracji pa\u0144stwowej w Polsce a praca dla Platform Dostaw<\/strong>\r\n\r\nRaport, w kt\u00f3rym sprawdzamy, co administracja pa\u0144stwowa w Polsce wie o warunkach pracy Dostawc\u00f3w pracuj\u0105cych dla Platform. No i je\u015bli wie, to czy podejmuje jakie\u015b dzia\u0142ania w tym zakresie?\r\n\r\nDokument sk\u0142ada si\u0119 z dw\u00f3ch cz\u0119\u015bci. Pierwsza ma charakter analityczny \u2013 zawiera rezultaty naszego badania. W drugiej cz\u0119\u015bci prezentujemy rozmowy z osobami pracuj\u0105cymi jako Dostawcy, pokazujemy jak wygl\u0105da ta praca ich oczami.\r\n\r\nj\u0119zyk polski: <a href=\"https:\/\/zentrale.pl\/zentwp\/wp-content\/uploads\/2025\/11\/raport_podsumowanie.pdf\">STRESZCZENIE<\/a> - <a href=\"https:\/\/zentrale.pl\/zentwp\/wp-content\/uploads\/2025\/11\/raport_web.pdf\">CA\u0141Y RAPORT<\/a> \r\nenglish: <a href=\"https:\/\/zentrale.pl\/zentwp\/wp-content\/uploads\/2025\/11\/report_sum_eng.pdf\">ABSTRACT PDF<\/a> -  <a href=\"https:\/\/zentrale.pl\/zentwp\/wp-content\/uploads\/2025\/12\/raport_web_eng.pdf\">FULL REPORT PDF <\/a>\r\n\u0440\u0443\u0441\u0441\u043a\u0438\u0439:  <a href=\"https:\/\/zentrale.pl\/zentwp\/wp-content\/uploads\/2025\/11\/report_sum_rus.pdf\">\u0410\u0411\u0421\u0422\u0420\u0410\u041a\u0422\u041d\u042b\u0419 PDF<\/a> - <a href=\"https:\/\/zentrale.pl\/zentwp\/wp-content\/uploads\/2025\/12\/raport_web_rus.pdf\">\u041f\u041e\u041b\u041d\u042b\u0419 \u041e\u0422\u0427\u0415\u0422 PDF<\/a>\r\n\r\n<HR>\r\nRaport powsta\u0142 dzi\u0119ki wsparciu finansowemu z <a href=\"https:\/\/niw.gov.pl\/\" target=\"_blank\">Narodowego Instytutu Wolno\u015bci<\/a> w ramach Rz\u0105dowego Programu Fundusz Inicjatyw Obywatelskich NOWEFIO.","_pl_post_name":"raport-co-panstwo-wie-o-naszej-pracy","_pl_post_excerpt":"","_pl_post_title":"RAPORT: CO PA\u0143STWO WIE O NASZEJ PRACY?","_en_post_content":"<strong>REPORT: WHAT DO STATE KNOW ABOUT OUR WORK?\r\nPolish Public Administration Offices and Working for Supply Platforms<\/strong>\r\n\r\nThis report examines what the Polish public administration knows about the working conditions of Suppliers working for Supply Platforms. And if so, is it taking any action?\r\n\r\nThe document consists of two parts. The first is analytical in nature and contains the results of our research. The second part presents interviews with individuals working as Suppliers, showing what this work is like through their eyes.\r\n\r\nPolish version: <a href=\"https:\/\/zentrale.pl\/zentwp\/wp-content\/uploads\/2025\/11\/raport_podsumowanie.pdf\">SUMMARY<\/a> - <a href=\"https:\/\/zentrale.pl\/zentwp\/wp-content\/uploads\/2025\/11\/raport_web.pdf\">FULL REPORT<\/a>\r\nEnglish version: <a href=\"https:\/\/zentrale.pl\/zentwp\/wp-content\/uploads\/2025\/11\/report_sum_eng.pdf\">SUMMARY<\/a> - FULL REPORT COMING SOON\r\nRussian version: <a href=\"https:\/\/zentrale.pl\/zentwp\/wp-content\/uploads\/2025\/11\/report_sum_rus.pdf\">SUMMARY<\/a> - FULL REPORT COMING SOON","_en_post_name":"what-do-state-know-about-our-work","_en_post_excerpt":"","_en_post_title":"WHAT DO STATE KNOW ABOUT OUR WORK?","_ru_post_content":"<strong>\u041e\u0422\u0427\u0415\u0422: \u0427\u0422\u041e \u0412\u042b \u0417\u041d\u0410\u0415\u0422\u0415 \u041e \u041d\u0410\u0428\u0415\u0419 \u0420\u0410\u0411\u041e\u0422\u0415?\r\n\u041f\u043e\u043b\u044c\u0441\u043a\u0438\u0435 \u0433\u043e\u0441\u0443\u0434\u0430\u0440\u0441\u0442\u0432\u0435\u043d\u043d\u044b\u0435 \u043e\u0440\u0433\u0430\u043d\u044b \u0432\u043b\u0430\u0441\u0442\u0438 \u0438 \u0440\u0430\u0431\u043e\u0442\u0430 \u043d\u0430 \u043f\u043b\u0430\u0442\u0444\u043e\u0440\u043c\u0430\u0445 \u043f\u043e\u0441\u0442\u0430\u0432\u043e\u043a<\/strong>\r\n\r\n\u0412 \u044d\u0442\u043e\u043c \u043e\u0442\u0447\u0451\u0442\u0435 \u0440\u0430\u0441\u0441\u043c\u0430\u0442\u0440\u0438\u0432\u0430\u0435\u0442\u0441\u044f, \u0447\u0442\u043e \u0438\u0437\u0432\u0435\u0441\u0442\u043d\u043e \u043f\u043e\u043b\u044c\u0441\u043a\u0438\u043c \u0433\u043e\u0441\u0443\u0434\u0430\u0440\u0441\u0442\u0432\u0435\u043d\u043d\u044b\u043c \u043e\u0440\u0433\u0430\u043d\u0430\u043c \u0432\u043b\u0430\u0441\u0442\u0438 \u043e\u0431 \u0443\u0441\u043b\u043e\u0432\u0438\u044f\u0445 \u0442\u0440\u0443\u0434\u0430 \u043f\u043e\u0441\u0442\u0430\u0432\u0449\u0438\u043a\u043e\u0432, \u0440\u0430\u0431\u043e\u0442\u0430\u044e\u0449\u0438\u0445 \u043d\u0430 \u043f\u043b\u0430\u0442\u0444\u043e\u0440\u043c\u0430\u0445 \u043f\u043e\u0441\u0442\u0430\u0432\u043e\u043a. \u0418 \u0435\u0441\u043b\u0438 \u0434\u0430, \u0442\u043e \u043f\u0440\u0435\u0434\u043f\u0440\u0438\u043d\u0438\u043c\u0430\u044e\u0442 \u043b\u0438 \u043e\u043d\u0438 \u043a\u0430\u043a\u0438\u0435-\u043b\u0438\u0431\u043e \u0434\u0435\u0439\u0441\u0442\u0432\u0438\u044f?\r\n\r\n\u0414\u043e\u043a\u0443\u043c\u0435\u043d\u0442 \u0441\u043e\u0441\u0442\u043e\u0438\u0442 \u0438\u0437 \u0434\u0432\u0443\u0445 \u0447\u0430\u0441\u0442\u0435\u0439. \u041f\u0435\u0440\u0432\u0430\u044f \u0447\u0430\u0441\u0442\u044c \u043d\u043e\u0441\u0438\u0442 \u0430\u043d\u0430\u043b\u0438\u0442\u0438\u0447\u0435\u0441\u043a\u0438\u0439 \u0445\u0430\u0440\u0430\u043a\u0442\u0435\u0440 \u0438 \u0441\u043e\u0434\u0435\u0440\u0436\u0438\u0442 \u0440\u0435\u0437\u0443\u043b\u044c\u0442\u0430\u0442\u044b \u043d\u0430\u0448\u0435\u0433\u043e \u0438\u0441\u0441\u043b\u0435\u0434\u043e\u0432\u0430\u043d\u0438\u044f. \u0412\u0442\u043e\u0440\u0430\u044f \u0447\u0430\u0441\u0442\u044c \u043f\u0440\u0435\u0434\u0441\u0442\u0430\u0432\u043b\u044f\u0435\u0442 \u0441\u043e\u0431\u043e\u0439 \u0438\u043d\u0442\u0435\u0440\u0432\u044c\u044e \u0441 \u043f\u043e\u0441\u0442\u0430\u0432\u0449\u0438\u043a\u0430\u043c\u0438, \u043a\u043e\u0442\u043e\u0440\u044b\u0435 \u043f\u043e\u043a\u0430\u0437\u044b\u0432\u0430\u044e\u0442, \u043a\u0430\u043a \u0432\u044b\u0433\u043b\u044f\u0434\u0438\u0442 \u044d\u0442\u0430 \u0440\u0430\u0431\u043e\u0442\u0430 \u0441 \u0438\u0445 \u0442\u043e\u0447\u043a\u0438 \u0437\u0440\u0435\u043d\u0438\u044f.\r\n\r\n\u041f\u043e\u043b\u044c\u0441\u043a\u0430\u044f \u0432\u0435\u0440\u0441\u0438\u044f: <a href=\"https:\/\/zentrale.pl\/zentwp\/wp-content\/uploads\/2025\/11\/raport_podsumowanie.pdf\">\u041a\u0420\u0410\u0422\u041a\u041e\u0415 \u0418\u0417\u041b\u041e\u0416\u0415\u041d\u0418\u0415<\/a> - <a href=\"https:\/\/zentrale.pl\/zentwp\/wp-content\/uploads\/2025\/11\/raport_web.pdf\">\u041f\u041e\u041b\u041d\u042b\u0419 \u041e\u0422\u0427\u0415\u0422<\/a>\r\n\u0410\u043d\u0433\u043b\u0438\u0439\u0441\u043a\u0430\u044f \u0432\u0435\u0440\u0441\u0438\u044f: <a href=\"https:\/\/zentrale.pl\/zentwp\/wp-content\/uploads\/2025\/11\/report_sum_eng.pdf\">\u041a\u0420\u0410\u0422\u041a\u041e\u0415 \u0418\u0417\u041b\u041e\u0416\u0415\u041d\u0418\u0415<\/a> - \u041f\u041e\u041b\u041d\u042b\u0419 \u041e\u0422\u0427\u0415\u0422 \u0421\u041a\u041e\u0420\u041e\r\n\u0420\u0443\u0441\u0441\u043a\u0430\u044f \u0432\u0435\u0440\u0441\u0438\u044f: <a href=\"https:\/\/zentrale.pl\/zentwp\/wp-content\/uploads\/2025\/11\/report_sum_rus.pdf\">\u041a\u0420\u0410\u0422\u041a\u041e\u0415 \u0418\u0417\u041b\u041e\u0416\u0415\u041d\u0418\u0415<\/a> - \u041f\u041e\u041b\u041d\u042b\u0419 \u041e\u0422\u0427\u0415\u0422 \u0421\u041a\u041e\u0420\u041e","_ru_post_name":"%d0%be%d1%82%d1%87%d0%b5%d1%82-%d1%87%d1%82%d0%be-%d0%b2%d1%8b-%d0%b7%d0%bd%d0%b0%d0%b5%d1%82%d0%b5-%d0%be-%d0%bd%d0%b0%d1%88%d0%b5%d0%b9-%d1%80%d0%b0%d0%b1%d0%be%d1%82%d0%b5","_ru_post_excerpt":"","_ru_post_title":"\u041e\u0422\u0427\u0415\u0422: \u0427\u0422\u041e \u0412\u042b \u0417\u041d\u0410\u0415\u0422\u0415 \u041e \u041d\u0410\u0428\u0415\u0419 \u0420\u0410\u0411\u041e\u0422\u0415?","edit_language":"en","footnotes":""},"class_list":["post-2418","page","type-page","status-publish","has-post-thumbnail","hentry"],"_links":{"self":[{"href":"https:\/\/zentrale.pl\/en\/wp-json\/wp\/v2\/pages\/2418","targetHints":{"allow":["GET"]}}],"collection":[{"href":"https:\/\/zentrale.pl\/en\/wp-json\/wp\/v2\/pages"}],"about":[{"href":"https:\/\/zentrale.pl\/en\/wp-json\/wp\/v2\/types\/page"}],"author":[{"embeddable":true,"href":"https:\/\/zentrale.pl\/en\/wp-json\/wp\/v2\/users\/1"}],"replies":[{"embeddable":true,"href":"https:\/\/zentrale.pl\/en\/wp-json\/wp\/v2\/comments?post=2418"}],"version-history":[{"count":5,"href":"https:\/\/zentrale.pl\/en\/wp-json\/wp\/v2\/pages\/2418\/revisions"}],"predecessor-version":[{"id":2477,"href":"https:\/\/zentrale.pl\/en\/wp-json\/wp\/v2\/pages\/2418\/revisions\/2477"}],"wp:featuredmedia":[{"embeddable":true,"href":"https:\/\/zentrale.pl\/en\/wp-json\/wp\/v2\/media\/2419"}],"wp:attachment":[{"href":"https:\/\/zentrale.pl\/en\/wp-json\/wp\/v2\/media?parent=2418"}],"curies":[{"name":"wp","href":"https:\/\/api.w.org\/{rel}","templated":true}]}}