{"id":2067,"date":"2025-08-15T20:39:40","date_gmt":"2025-08-15T18:39:40","guid":{"rendered":"https:\/\/zentrale.pl\/?page_id=2067"},"modified":"2025-11-27T15:16:27","modified_gmt":"2025-11-27T14:16:27","slug":"publications","status":"publish","type":"page","link":"https:\/\/zentrale.pl\/en\/publications\/","title":{"rendered":"PUBLICATIONS","raw":"PUBLICATIONS"},"content":{"rendered":"<p><strong>TO OUR FRIENDS, COURIERERS<\/strong> <a href=\"https:\/\/zentrale.pl\/do-kurierow-i-kurierek\/\">>>><\/a><br \/>\nOur manifesto, about why we operate as Zentrale and why we consider working for Delivery Platforms exploitative<br \/>\n<HR><br \/>\n<strong>THIS IS WHAT EXPLOITATION LOOKS LIKE<\/strong> <a href=\"https:\/\/zentrale.pl\/tak-wlasnie-wyglada-wyzysk\/\" target=\"_blank\">>>><\/a><br \/>\nA collection of our conversations with people working as Delivery Platforms. About the everyday life and realities of this work<br \/>\n<HR><br \/>\n<strong>WHEN THE ALGORITHM IS YOUR BOSS<\/strong><br \/>\nWhat is the role of the algorithm in working for Delivery Platforms? PDF (version <a href=\"https:\/\/zentrale.pl\/zentwp\/wp-content\/uploads\/2025\/05\/broszura_algorytm_web.pdf\">Polish<\/a>, <a href=\"https:\/\/zentrale.pl\/zentwp\/wp-content\/uploads\/2025\/05\/broszura_algorytm_eng_web.pdf\">English<\/a> and <a href=\"https:\/\/zentrale.pl\/zentwp\/wp-content\/uploads\/2025\/05\/broszura_algorytm_rus_web.pdf\">Russian<\/a>)<br \/>\n<HR><br \/>\n<strong>PLATFORMIZING POLAND<\/strong> <a href=\"https:\/\/zentrale.pl\/platformizujac-polske\/\" target=\"_blank\">>>><\/a><br \/>\n<em>New Fronts of Combat in the Digital Economy<br \/>\nauthor: Stanis\u0142aw Kierwiak \u2013 board member of the Courier Labor Confederation at Pyszne.pl<\/em><br \/>\nA brochure about the history of delivery platforms entering Poland and the state&#8217;s inaction that allowed exploitation within these services to operate with impunity<\/p>\n","protected":false,"raw":"<strong>TO OUR FRIENDS, COURIERERS<\/strong> <a href=\"https:\/\/zentrale.pl\/do-kurierow-i-kurierek\/\">>>><\/a>\r\nOur manifesto, about why we operate as Zentrale and why we consider working for Delivery Platforms exploitative\r\n<HR>\r\n<strong>THIS IS WHAT EXPLOITATION LOOKS LIKE<\/strong> <a href=\"https:\/\/zentrale.pl\/tak-wlasnie-wyglada-wyzysk\/\" target=\"_blank\">>>><\/a>\r\nA collection of our conversations with people working as Delivery Platforms. About the everyday life and realities of this work\r\n<HR>\r\n<strong>WHEN THE ALGORITHM IS YOUR BOSS<\/strong>\r\nWhat is the role of the algorithm in working for Delivery Platforms? PDF (version <a href=\"https:\/\/zentrale.pl\/zentwp\/wp-content\/uploads\/2025\/05\/broszura_algorytm_web.pdf\">Polish<\/a>, <a href=\"https:\/\/zentrale.pl\/zentwp\/wp-content\/uploads\/2025\/05\/broszura_algorytm_eng_web.pdf\">English<\/a> and <a href=\"https:\/\/zentrale.pl\/zentwp\/wp-content\/uploads\/2025\/05\/broszura_algorytm_rus_web.pdf\">Russian<\/a>)\r\n<HR>\r\n<strong>PLATFORMIZING POLAND<\/strong> <a href=\"https:\/\/zentrale.pl\/platformizujac-polske\/\" target=\"_blank\">>>><\/a>\r\n<em>New Fronts of Combat in the Digital Economy\r\nauthor: Stanis\u0142aw Kierwiak \u2013 board member of the Courier Labor Confederation at Pyszne.pl<\/em>\r\nA brochure about the history of delivery platforms entering Poland and the state's inaction that allowed exploitation within these services to operate with impunity"},"excerpt":{"rendered":"","protected":false,"raw":""},"author":1,"featured_media":0,"parent":0,"menu_order":0,"comment_status":"closed","ping_status":"closed","template":"","meta":{"_pl_post_content":"<strong>RAPORT: CO PA\u0143STWO WIE O NASZEJ PRACY? <a href=\"https:\/\/zentrale.pl\/raport-co-panstwo-wie-o-naszej-pracy\/\">>>><\/a><\/strong>\r\nUrz\u0119dy administracji pa\u0144stwowej w Polsce a praca dla Platform Dostaw\r\n<HR>\r\n<strong>DO NASZYCH PRZYJACI\u00d3\u0141, KURIER\u00d3W I KURIEREK<\/strong> <a href=\"https:\/\/zentrale.pl\/do-kurierow-i-kurierek\/\">>>><\/a>\r\nNasz manifest, o tym dlaczego dzia\u0142amy jako Zentrale i dlaczego uwa\u017camy prac\u0119 dla Platform Dostaw za wyzysk\r\n<HR>\r\n<strong>W\u0141A\u015aNIE TAK WYGL\u0104DA WYZYSK<\/strong> <a href=\"https:\/\/zentrale.pl\/tak-wlasnie-wyglada-wyzysk\/\" target=\"_blank\">>>><\/a>\r\nZbi\u00f3r naszych rozm\u00f3w z osobami pracuj\u0105cymi jako Dostawcy. O codzienno\u015bci i realiach tej pracy\r\n<HR>\r\n<strong>GDY ALGORYTM JEST TWOIM SZEFEM<\/strong>\r\nNa czym polega rola algorytmu w pracy dla Platform Dostaw? \r\nPDF (wersja <a href=\"https:\/\/zentrale.pl\/zentwp\/wp-content\/uploads\/2025\/05\/broszura_algorytm_web.pdf\">polska<\/a>, <a href=\"https:\/\/zentrale.pl\/zentwp\/wp-content\/uploads\/2025\/05\/broszura_algorytm_eng_web.pdf\">angielska<\/a> oraz <a href=\"https:\/\/zentrale.pl\/zentwp\/wp-content\/uploads\/2025\/05\/broszura_algorytm_rus_web.pdf\">rosyjska<\/a>)\r\n<HR>\r\n<strong>PLATFORMIZUJ\u0104C POLSK\u0118<\/strong> <a href=\"https:\/\/zentrale.pl\/platformizujac-polske\/\" target=\"_blank\">>>><\/a>\r\n<em>Nowe Fronty Walki w Gospodarce Cyfrowej \r\nautor: Stanis\u0142aw Kierwiak \u2013 cz\u0142onek zarz\u0105du Konfederacji Pracy Kurier\u00f3w w Pyszne.pl<\/em>\r\nBroszura o historii wej\u015bcia Platform Dostaw do Polski oraz o bierno\u015b\u0107 Pa\u0144stwa pozwoli\u0142a na  bezkarne funkcjonowanie wyzysku w obr\u0119bie tego typu us\u0142ug\r\n","_pl_post_name":"publikacje","_pl_post_excerpt":"","_pl_post_title":"PUBLIKACJE","_en_post_content":"<strong>TO OUR FRIENDS, COURIERERS<\/strong> <a href=\"https:\/\/zentrale.pl\/do-kurierow-i-kurierek\/\">>>><\/a>\r\nOur manifesto, about why we operate as Zentrale and why we consider working for Delivery Platforms exploitative\r\n<HR>\r\n<strong>THIS IS WHAT EXPLOITATION LOOKS LIKE<\/strong> <a href=\"https:\/\/zentrale.pl\/tak-wlasnie-wyglada-wyzysk\/\" target=\"_blank\">>>><\/a>\r\nA collection of our conversations with people working as Delivery Platforms. About the everyday life and realities of this work\r\n<HR>\r\n<strong>WHEN THE ALGORITHM IS YOUR BOSS<\/strong>\r\nWhat is the role of the algorithm in working for Delivery Platforms? PDF (version <a href=\"https:\/\/zentrale.pl\/zentwp\/wp-content\/uploads\/2025\/05\/broszura_algorytm_web.pdf\">Polish<\/a>, <a href=\"https:\/\/zentrale.pl\/zentwp\/wp-content\/uploads\/2025\/05\/broszura_algorytm_eng_web.pdf\">English<\/a> and <a href=\"https:\/\/zentrale.pl\/zentwp\/wp-content\/uploads\/2025\/05\/broszura_algorytm_rus_web.pdf\">Russian<\/a>)\r\n<HR>\r\n<strong>PLATFORMIZING POLAND<\/strong> <a href=\"https:\/\/zentrale.pl\/platformizujac-polske\/\" target=\"_blank\">>>><\/a>\r\n<em>New Fronts of Combat in the Digital Economy\r\nauthor: Stanis\u0142aw Kierwiak \u2013 board member of the Courier Labor Confederation at Pyszne.pl<\/em>\r\nA brochure about the history of delivery platforms entering Poland and the state's inaction that allowed exploitation within these services to operate with impunity","_en_post_name":"publications","_en_post_excerpt":"","_en_post_title":"PUBLICATIONS","_ru_post_content":"<strong>\u041d\u0410\u0428\u0418\u041c \u0414\u0420\u0423\u0417\u042c\u042f\u041c-\u041a\u0423\u0420\u042c\u0415\u0420\u0410\u041c<\/strong> <a href=\"https:\/\/zentrale.pl\/do-kurierow-i-kurierek\/\">>>><\/a>\r\n\u041d\u0430\u0448 \u043c\u0430\u043d\u0438\u0444\u0435\u0441\u0442 \u043e \u0442\u043e\u043c, \u043f\u043e\u0447\u0435\u043c\u0443 \u043c\u044b \u0440\u0430\u0431\u043e\u0442\u0430\u0435\u043c \u043a\u0430\u043a Zentrale \u0438 \u043f\u043e\u0447\u0435\u043c\u0443 \u0441\u0447\u0438\u0442\u0430\u0435\u043c \u0440\u0430\u0431\u043e\u0442\u0443 \u043d\u0430 \u043f\u043b\u0430\u0442\u0444\u043e\u0440\u043c\u0430\u0445 \u0434\u043e\u0441\u0442\u0430\u0432\u043a\u0438 \u044d\u043a\u0441\u043f\u043b\u0443\u0430\u0442\u0430\u0446\u0438\u0435\u0439.\r\n<HR>\r\n<strong>\u0412\u041e\u0422 \u041a\u0410\u041a \u0412\u042b\u0413\u041b\u042f\u0414\u0418\u0422 \u042d\u041a\u0421\u041f\u041b\u0423\u0410\u0422\u0410\u0426\u0418\u042f<\/strong> <a href=\"https:\/\/zentrale.pl\/tak-wlasnie-wyglada-wyzysk\/\" target=\"_blank\">>>><\/a>\r\n\u041f\u043e\u0434\u0431\u043e\u0440\u043a\u0430 \u043d\u0430\u0448\u0438\u0445 \u0431\u0435\u0441\u0435\u0434 \u0441 \u043b\u044e\u0434\u044c\u043c\u0438, \u0440\u0430\u0431\u043e\u0442\u0430\u044e\u0449\u0438\u043c\u0438 \u043d\u0430 \u043f\u043b\u0430\u0442\u0444\u043e\u0440\u043c\u0430\u0445 \u0434\u043e\u0441\u0442\u0430\u0432\u043a\u0438. \u041e \u043f\u043e\u0432\u0441\u0435\u0434\u043d\u0435\u0432\u043d\u043e\u0439 \u0436\u0438\u0437\u043d\u0438 \u0438 \u0440\u0435\u0430\u043b\u0438\u044f\u0445 \u044d\u0442\u043e\u0439 \u0440\u0430\u0431\u043e\u0442\u044b.\r\n<HR>\r\n<strong>\u041a\u041e\u0413\u0414\u0410 \u0410\u041b\u0413\u041e\u0420\u0418\u0422\u041c \u2014 \u0412\u0410\u0428 \u0420\u0423\u041a\u041e\u0412\u041e\u0414\u0418\u0422\u0415\u041b\u042c<\/strong>\r\n\u041a\u0430\u043a\u043e\u0432\u0430 \u0440\u043e\u043b\u044c \u0430\u043b\u0433\u043e\u0440\u0438\u0442\u043c\u0430 \u0432 \u0440\u0430\u0431\u043e\u0442\u0435 \u043d\u0430 \u043f\u043b\u0430\u0442\u0444\u043e\u0440\u043c\u0430\u0445 \u0434\u043e\u0441\u0442\u0430\u0432\u043a\u0438? PDF (\u0432\u0435\u0440\u0441\u0438\u044f <a href=\"https:\/\/zentrale.pl\/zentwp\/wp-content\/uploads\/2025\/05\/broszura_algorytm_web.pdf\">\u043f\u043e\u043b\u044c\u0441\u043a\u0430\u044f<\/a>, <a href=\"https:\/\/zentrale.pl\/zentwp\/wp-content\/uploads\/2025\/05\/broszura_algorytm_eng_web.pdf\">\u0430\u043d\u0433\u043b\u0438\u0439\u0441\u043a\u0430\u044f<\/a> \u0438 <a href=\"https:\/\/zentrale.pl\/zentwp\/wp-content\/uploads\/2025\/05\/broszura_algorytm_rus_web.pdf\">\u0440\u0443\u0441\u0441\u043a\u0430\u044f<\/a>)\r\n<HR>\r\n<strong>\u041f\u041b\u0410\u0422\u0424\u041e\u0420\u041c\u0418\u0417\u0410\u0426\u0418\u042f \u041f\u041e\u041b\u042c\u0428\u0418<\/strong> <a href=\"https:\/\/zentrale.pl\/platformizujac-polske\/\" target=\"_blank\">>>><\/a>\r\n<em>\u041d\u043e\u0432\u044b\u0435 \u0444\u0440\u043e\u043d\u0442\u044b \u0431\u043e\u0435\u0432\u044b\u0445 \u0434\u0435\u0439\u0441\u0442\u0432\u0438\u0439 \u0432 \u0446\u0438\u0444\u0440\u043e\u0432\u043e\u043c \u043c\u0438\u0440\u0435 \u042d\u043a\u043e\u043d\u043e\u043c\u0438\u043a\u0430\r\n\u0410\u0432\u0442\u043e\u0440: \u0421\u0442\u0430\u043d\u0438\u0441\u043b\u0430\u0432 \u041a\u0435\u0440\u0432\u044f\u043a \u2013 \u0447\u043b\u0435\u043d \u043f\u0440\u0430\u0432\u043b\u0435\u043d\u0438\u044f \u041a\u043e\u043d\u0444\u0435\u0434\u0435\u0440\u0430\u0446\u0438\u0438 \u043a\u0443\u0440\u044c\u0435\u0440\u0441\u043a\u043e\u0433\u043e \u0442\u0440\u0443\u0434\u0430 Pyszne.pl\r\n\r\n\u0411\u0440\u043e\u0448\u044e\u0440\u0430 \u043e\u0431 \u0438\u0441\u0442\u043e\u0440\u0438\u0438 \u043f\u043e\u044f\u0432\u043b\u0435\u043d\u0438\u044f \u0432 \u041f\u043e\u043b\u044c\u0448\u0435 \u043f\u043b\u0430\u0442\u0444\u043e\u0440\u043c \u0434\u043e\u0441\u0442\u0430\u0432\u043a\u0438 \u0438 \u0431\u0435\u0437\u0434\u0435\u0439\u0441\u0442\u0432\u0438\u0438 \u0433\u043e\u0441\u0443\u0434\u0430\u0440\u0441\u0442\u0432\u0430, \u043a\u043e\u0442\u043e\u0440\u043e\u0435 \u043f\u043e\u0437\u0432\u043e\u043b\u0438\u043b\u043e \u0431\u0435\u0437\u043d\u0430\u043a\u0430\u0437\u0430\u043d\u043d\u043e \u044d\u043a\u0441\u043f\u043b\u0443\u0430\u0442\u0438\u0440\u043e\u0432\u0430\u0442\u044c \u043b\u044e\u0434\u0435\u0439 \u0432 \u0440\u0430\u043c\u043a\u0430\u0445 \u044d\u0442\u0438\u0445 \u0441\u043b\u0443\u0436\u0431.","_ru_post_name":"%d0%bf%d1%83%d0%b1%d0%bb%d0%b8%d0%ba%d0%b0%d1%86%d0%b8%d0%b8","_ru_post_excerpt":"","_ru_post_title":"\u041f\u0423\u0411\u041b\u0418\u041a\u0410\u0426\u0418\u0418","edit_language":"en","footnotes":""},"class_list":["post-2067","page","type-page","status-publish","hentry"],"_links":{"self":[{"href":"https:\/\/zentrale.pl\/en\/wp-json\/wp\/v2\/pages\/2067","targetHints":{"allow":["GET"]}}],"collection":[{"href":"https:\/\/zentrale.pl\/en\/wp-json\/wp\/v2\/pages"}],"about":[{"href":"https:\/\/zentrale.pl\/en\/wp-json\/wp\/v2\/types\/page"}],"author":[{"embeddable":true,"href":"https:\/\/zentrale.pl\/en\/wp-json\/wp\/v2\/users\/1"}],"replies":[{"embeddable":true,"href":"https:\/\/zentrale.pl\/en\/wp-json\/wp\/v2\/comments?post=2067"}],"version-history":[{"count":6,"href":"https:\/\/zentrale.pl\/en\/wp-json\/wp\/v2\/pages\/2067\/revisions"}],"predecessor-version":[{"id":2431,"href":"https:\/\/zentrale.pl\/en\/wp-json\/wp\/v2\/pages\/2067\/revisions\/2431"}],"wp:attachment":[{"href":"https:\/\/zentrale.pl\/en\/wp-json\/wp\/v2\/media?parent=2067"}],"curies":[{"name":"wp","href":"https:\/\/api.w.org\/{rel}","templated":true}]}}