{"id":1010,"date":"2024-09-18T10:00:23","date_gmt":"2024-09-18T08:00:23","guid":{"rendered":"https:\/\/zentrale.pl\/?page_id=1010"},"modified":"2025-09-17T13:35:54","modified_gmt":"2025-09-17T11:35:54","slug":"this-is-what-exploitation-looks-like","status":"publish","type":"page","link":"https:\/\/zentrale.pl\/en\/this-is-what-exploitation-looks-like\/","title":{"rendered":"THIS IS WHAT EXPLOITATION LOOKS LIKE","raw":"THIS IS WHAT EXPLOITATION LOOKS LIKE"},"content":{"rendered":"<p>In this brochure you will find interviews with people working as Suppliers for Internet Platforms. They are from different cities, work for different Platforms, have different experiences.<\/p>\n<p>Download PDF:<br \/>\n<a href=\"https:\/\/zentrale.pl\/zentwp\/wp-content\/uploads\/2025\/09\/takwlasnieV2_sm.pdf\">2nd edition, 2025<\/a><br \/>\n<a href=\"https:\/\/zentrale.pl\/zentwp\/wp-content\/uploads\/2024\/09\/takwlasnie_sm.pdf\">1st edition, 2024<\/a><\/p>\n<p>Unfortunately, the brochure is available only in Polish.<\/p>\n<p>&nbsp;<\/p>\n","protected":false,"raw":"In this brochure you will find interviews with people working as Suppliers for Internet Platforms. They are from different cities, work for different Platforms, have different experiences.\r\n\r\nDownload PDF:\r\n<a href=\"https:\/\/zentrale.pl\/zentwp\/wp-content\/uploads\/2025\/09\/takwlasnieV2_sm.pdf\">2nd edition, 2025<\/a>\r\n<a href=\"https:\/\/zentrale.pl\/zentwp\/wp-content\/uploads\/2024\/09\/takwlasnie_sm.pdf\">1st edition, 2024<\/a>\r\n\r\nUnfortunately, the brochure is available only in Polish.\r\n\r\n&nbsp;"},"excerpt":{"rendered":"","protected":false,"raw":""},"author":1,"featured_media":986,"parent":0,"menu_order":0,"comment_status":"closed","ping_status":"closed","template":"","meta":{"_pl_post_content":"W tej broszurze znajdziesz rozmowy z osobami pracuj\u0105cymi jako Dostawcy dla Platform Internetowych. S\u0105 z r\u00f3\u017cnych miast, pracuj\u0105 dla r\u00f3\u017cnych Platform, maj\u0105 r\u00f3\u017cne do\u015bwiadczenia.\r\n\r\nNiestety, broszura dost\u0119pna tylko w j\u0119zyku polskim.\r\n\r\nPobierz:\r\n<a href=\"https:\/\/zentrale.pl\/zentwp\/wp-content\/uploads\/2025\/09\/takwlasnieV2_sm.pdf\">wydanie 2, 2025<\/a>\r\n<a href=\"https:\/\/zentrale.pl\/zentwp\/wp-content\/uploads\/2024\/09\/takwlasnie_sm.pdf\">PDF - wydanie 1, 2024<\/a>\r\n\r\n\r\n&nbsp;","_pl_post_name":"tak-wlasnie-wyglada-wyzysk","_pl_post_excerpt":"","_pl_post_title":"W\u0141A\u015aNIE TAK WYGL\u0104DA WYZYSK","_en_post_content":"In this brochure you will find interviews with people working as Suppliers for Internet Platforms. They are from different cities, work for different Platforms, have different experiences.\r\n\r\nDownload PDF:\r\n<a href=\"https:\/\/zentrale.pl\/zentwp\/wp-content\/uploads\/2025\/09\/takwlasnieV2_sm.pdf\">2nd edition, 2025<\/a>\r\n<a href=\"https:\/\/zentrale.pl\/zentwp\/wp-content\/uploads\/2024\/09\/takwlasnie_sm.pdf\">1st edition, 2024<\/a>\r\n\r\nUnfortunately, the brochure is available only in Polish.\r\n\r\n&nbsp;","_en_post_name":"this-is-what-exploitation-looks-like","_en_post_excerpt":"","_en_post_title":"THIS IS WHAT EXPLOITATION LOOKS LIKE","_ru_post_content":"\u0412 \u044d\u0442\u043e\u0439 \u0431\u0440\u043e\u0448\u044e\u0440\u0435 \u0432\u044b \u043d\u0430\u0439\u0434\u0435\u0442\u0435 \u0438\u043d\u0442\u0435\u0440\u0432\u044c\u044e \u0441 \u043b\u044e\u0434\u044c\u043c\u0438, \u0440\u0430\u0431\u043e\u0442\u0430\u044e\u0449\u0438\u043c\u0438 \u043f\u043e\u0441\u0442\u0430\u0432\u0449\u0438\u043a\u0430\u043c\u0438 \u043e\u043d\u043b\u0430\u0439\u043d-\u043f\u043b\u0430\u0442\u0444\u043e\u0440\u043c. \u041e\u043d\u0438 \u0438\u0437 \u0440\u0430\u0437\u043d\u044b\u0445 \u0433\u043e\u0440\u043e\u0434\u043e\u0432, \u0440\u0430\u0431\u043e\u0442\u0430\u044e\u0442 \u043d\u0430 \u0440\u0430\u0437\u043d\u044b\u0445 \u043f\u043b\u0430\u0442\u0444\u043e\u0440\u043c\u0430\u0445, \u0438\u043c\u0435\u044e\u0442 \u0440\u0430\u0437\u043d\u044b\u0439 \u043e\u043f\u044b\u0442.\r\n\r\n\u0421\u043a\u0430\u0447\u0430\u0442\u044c \r\n<a href=\"https:\/\/zentrale.pl\/zentwp\/wp-content\/uploads\/2024\/09\/takwlasnie_sm.pdf\">PDF - 2024<\/a>\r\n<a href=\"https:\/\/zentrale.pl\/zentwp\/wp-content\/uploads\/2025\/09\/takwlasnieV2_sm.pdf\">PDF - 2025<\/a>\r\n\r\n\u041a \u0441\u043e\u0436\u0430\u043b\u0435\u043d\u0438\u044e, \u0431\u0440\u043e\u0448\u044e\u0440\u0430 \u0434\u043e\u0441\u0442\u0443\u043f\u043d\u0430 \u0442\u043e\u043b\u044c\u043a\u043e \u043d\u0430 \u043f\u043e\u043b\u044c\u0441\u043a\u043e\u043c \u044f\u0437\u044b\u043a\u0435.\r\n\r\n&nbsp;","_ru_post_name":"%d1%82%d0%b0%d0%ba-%d0%b2%d1%8b%d0%b3%d0%bb%d1%8f%d0%b4%d0%b8%d1%82-%d1%8d%d0%ba%d1%81%d0%bf%d0%bb%d1%83%d0%b0%d1%82%d0%b0%d1%86%d0%b8%d1%8f","_ru_post_excerpt":"","_ru_post_title":"\u0422\u0410\u041a \u0412\u042b\u0413\u041b\u042f\u0414\u0418\u0422 \u042d\u041a\u0421\u041f\u041b\u0423\u0410\u0422\u0410\u0426\u0418\u042f","edit_language":"en","footnotes":""},"class_list":["post-1010","page","type-page","status-publish","has-post-thumbnail","hentry"],"_links":{"self":[{"href":"https:\/\/zentrale.pl\/en\/wp-json\/wp\/v2\/pages\/1010","targetHints":{"allow":["GET"]}}],"collection":[{"href":"https:\/\/zentrale.pl\/en\/wp-json\/wp\/v2\/pages"}],"about":[{"href":"https:\/\/zentrale.pl\/en\/wp-json\/wp\/v2\/types\/page"}],"author":[{"embeddable":true,"href":"https:\/\/zentrale.pl\/en\/wp-json\/wp\/v2\/users\/1"}],"replies":[{"embeddable":true,"href":"https:\/\/zentrale.pl\/en\/wp-json\/wp\/v2\/comments?post=1010"}],"version-history":[{"count":9,"href":"https:\/\/zentrale.pl\/en\/wp-json\/wp\/v2\/pages\/1010\/revisions"}],"predecessor-version":[{"id":2189,"href":"https:\/\/zentrale.pl\/en\/wp-json\/wp\/v2\/pages\/1010\/revisions\/2189"}],"wp:featuredmedia":[{"embeddable":true,"href":"https:\/\/zentrale.pl\/en\/wp-json\/wp\/v2\/media\/986"}],"wp:attachment":[{"href":"https:\/\/zentrale.pl\/en\/wp-json\/wp\/v2\/media?parent=1010"}],"curies":[{"name":"wp","href":"https:\/\/api.w.org\/{rel}","templated":true}]}}